{"id":314,"date":"2023-04-27T12:28:29","date_gmt":"2023-04-27T12:28:29","guid":{"rendered":"https:\/\/lodosmuhendislik.com\/?page_id=314"},"modified":"2023-04-27T12:33:01","modified_gmt":"2023-04-27T12:33:01","slug":"klima-islemleri","status":"publish","type":"page","link":"https:\/\/lodosmuhendislik.com\/?page_id=314","title":{"rendered":"Klima \u0130\u015flemleri"},"content":{"rendered":"\t\t<div data-elementor-type=\"wp-page\" data-elementor-id=\"314\" class=\"elementor elementor-314\">\n\t\t\t\t\t\t\t\t\t<section class=\"elementor-section elementor-top-section elementor-element elementor-element-3057469a elementor-section-full_width elementor-section-height-min-height elementor-section-height-default elementor-section-items-middle\" data-id=\"3057469a\" data-element_type=\"section\" data-settings=\"{&quot;background_background&quot;:&quot;classic&quot;}\">\n\t\t\t\t\t\t\t<div class=\"elementor-background-overlay\"><\/div>\n\t\t\t\t\t\t\t<div class=\"elementor-container elementor-column-gap-default\">\n\t\t\t\t\t<div class=\"elementor-column elementor-col-100 elementor-top-column elementor-element elementor-element-3f71adcf\" data-id=\"3f71adcf\" data-element_type=\"column\">\n\t\t\t<div class=\"elementor-widget-wrap elementor-element-populated\">\n\t\t\t\t\t\t\t\t<section class=\"elementor-section elementor-inner-section elementor-element elementor-element-236016ee elementor-section-boxed elementor-section-height-default elementor-section-height-default\" data-id=\"236016ee\" data-element_type=\"section\" data-settings=\"{&quot;background_background&quot;:&quot;classic&quot;}\">\n\t\t\t\t\t\t<div class=\"elementor-container elementor-column-gap-default\">\n\t\t\t\t\t<div class=\"elementor-column elementor-col-33 elementor-inner-column elementor-element elementor-element-27681da8\" data-id=\"27681da8\" data-element_type=\"column\">\n\t\t\t<div class=\"elementor-widget-wrap\">\n\t\t\t\t\t\t\t\t\t<\/div>\n\t\t<\/div>\n\t\t\t\t<div class=\"elementor-column elementor-col-33 elementor-inner-column elementor-element elementor-element-20396c5f\" data-id=\"20396c5f\" data-element_type=\"column\">\n\t\t\t<div class=\"elementor-widget-wrap elementor-element-populated\">\n\t\t\t\t\t\t\t\t<div class=\"elementor-element elementor-element-33f28bf7 elementor-widget elementor-widget-elementskit-heading\" data-id=\"33f28bf7\" data-element_type=\"widget\" data-widget_type=\"elementskit-heading.default\">\n\t\t\t\t<div class=\"elementor-widget-container\">\n\t\t\t<div class=\"ekit-wid-con\" ><div class=\"ekit-heading elementskit-section-title-wraper text_center   ekit_heading_tablet-   ekit_heading_mobile-text_center\"><h1 class=\"ekit-heading--title elementskit-section-title \">Klima \u0130\u015flemleri<\/h1><div class=\"ekit_heading_separetor_wraper ekit_heading_elementskit-border-divider elementskit-style-long\"><div class=\"elementskit-border-divider elementskit-style-long\"><\/div><\/div><\/div><\/div>\t\t<\/div>\n\t\t\t\t<\/div>\n\t\t\t\t\t<\/div>\n\t\t<\/div>\n\t\t\t\t<div class=\"elementor-column elementor-col-33 elementor-inner-column elementor-element elementor-element-46a67a54\" data-id=\"46a67a54\" data-element_type=\"column\">\n\t\t\t<div class=\"elementor-widget-wrap\">\n\t\t\t\t\t\t\t\t\t<\/div>\n\t\t<\/div>\n\t\t\t\t\t\t\t<\/div>\n\t\t<\/section>\n\t\t\t\t\t<\/div>\n\t\t<\/div>\n\t\t\t\t\t\t\t<\/div>\n\t\t<\/section>\n\t\t\t\t<section class=\"elementor-section elementor-top-section elementor-element elementor-element-70e2ebcf elementor-section-boxed elementor-section-height-default elementor-section-height-default\" data-id=\"70e2ebcf\" data-element_type=\"section\" data-settings=\"{&quot;background_background&quot;:&quot;classic&quot;}\">\n\t\t\t\t\t\t<div class=\"elementor-container elementor-column-gap-default\">\n\t\t\t\t\t<div class=\"elementor-column elementor-col-100 elementor-top-column elementor-element elementor-element-451c363d\" data-id=\"451c363d\" data-element_type=\"column\">\n\t\t\t<div class=\"elementor-widget-wrap elementor-element-populated\">\n\t\t\t\t\t\t\t\t<div class=\"elementor-element elementor-element-77ff842e elementor-widget elementor-widget-spacer\" data-id=\"77ff842e\" data-element_type=\"widget\" data-widget_type=\"spacer.default\">\n\t\t\t\t<div class=\"elementor-widget-container\">\n\t\t\t<style>\/*! elementor - v3.18.0 - 20-12-2023 *\/\n.elementor-column .elementor-spacer-inner{height:var(--spacer-size)}.e-con{--container-widget-width:100%}.e-con-inner>.elementor-widget-spacer,.e-con>.elementor-widget-spacer{width:var(--container-widget-width,var(--spacer-size));--align-self:var(--container-widget-align-self,initial);--flex-shrink:0}.e-con-inner>.elementor-widget-spacer>.elementor-widget-container,.e-con>.elementor-widget-spacer>.elementor-widget-container{height:100%;width:100%}.e-con-inner>.elementor-widget-spacer>.elementor-widget-container>.elementor-spacer,.e-con>.elementor-widget-spacer>.elementor-widget-container>.elementor-spacer{height:100%}.e-con-inner>.elementor-widget-spacer>.elementor-widget-container>.elementor-spacer>.elementor-spacer-inner,.e-con>.elementor-widget-spacer>.elementor-widget-container>.elementor-spacer>.elementor-spacer-inner{height:var(--container-widget-height,var(--spacer-size))}.e-con-inner>.elementor-widget-spacer.elementor-widget-empty,.e-con>.elementor-widget-spacer.elementor-widget-empty{position:relative;min-height:22px;min-width:22px}.e-con-inner>.elementor-widget-spacer.elementor-widget-empty .elementor-widget-empty-icon,.e-con>.elementor-widget-spacer.elementor-widget-empty .elementor-widget-empty-icon{position:absolute;top:0;bottom:0;left:0;right:0;margin:auto;padding:0;width:22px;height:22px}<\/style>\t\t<div class=\"elementor-spacer\">\n\t\t\t<div class=\"elementor-spacer-inner\"><\/div>\n\t\t<\/div>\n\t\t\t\t<\/div>\n\t\t\t\t<\/div>\n\t\t\t\t\t<\/div>\n\t\t<\/div>\n\t\t\t\t\t\t\t<\/div>\n\t\t<\/section>\n\t\t\t\t<section class=\"elementor-section elementor-top-section elementor-element elementor-element-6adf006b elementor-section-boxed elementor-section-height-default elementor-section-height-default\" data-id=\"6adf006b\" data-element_type=\"section\">\n\t\t\t\t\t\t<div class=\"elementor-container elementor-column-gap-default\">\n\t\t\t\t\t<div class=\"elementor-column elementor-col-100 elementor-top-column elementor-element elementor-element-718eca0f\" data-id=\"718eca0f\" data-element_type=\"column\">\n\t\t\t<div class=\"elementor-widget-wrap elementor-element-populated\">\n\t\t\t\t\t\t\t\t<section class=\"elementor-section elementor-inner-section elementor-element elementor-element-24d6c838 elementor-section-boxed elementor-section-height-default elementor-section-height-default\" data-id=\"24d6c838\" data-element_type=\"section\">\n\t\t\t\t\t\t<div class=\"elementor-container elementor-column-gap-default\">\n\t\t\t\t\t<div class=\"elementor-column elementor-col-100 elementor-inner-column elementor-element elementor-element-61862033\" data-id=\"61862033\" data-element_type=\"column\">\n\t\t\t<div class=\"elementor-widget-wrap elementor-element-populated\">\n\t\t\t\t\t\t\t\t<div class=\"elementor-element elementor-element-18eb4c96 elementor-widget elementor-widget-elementskit-heading\" data-id=\"18eb4c96\" data-element_type=\"widget\" data-widget_type=\"elementskit-heading.default\">\n\t\t\t\t<div class=\"elementor-widget-container\">\n\t\t\t<div class=\"ekit-wid-con\" ><div class=\"ekit-heading elementskit-section-title-wraper text_left   ekit_heading_tablet-text_center   ekit_heading_mobile-text_center\"><h2 class=\"ekit-heading--title elementskit-section-title \">Klima <span><span>\u0130\u015flemleri<\/span><\/span><\/h2><div class=\"ekit_heading_separetor_wraper ekit_heading_elementskit-border-divider elementskit-style-long\"><div class=\"elementskit-border-divider elementskit-style-long\"><\/div><\/div><\/div><\/div>\t\t<\/div>\n\t\t\t\t<\/div>\n\t\t\t\t<div class=\"elementor-element elementor-element-15461ac0 elementor-widget elementor-widget-text-editor\" data-id=\"15461ac0\" data-element_type=\"widget\" data-widget_type=\"text-editor.default\">\n\t\t\t\t<div class=\"elementor-widget-container\">\n\t\t\t<style>\/*! elementor - v3.18.0 - 20-12-2023 *\/\n.elementor-widget-text-editor.elementor-drop-cap-view-stacked .elementor-drop-cap{background-color:#69727d;color:#fff}.elementor-widget-text-editor.elementor-drop-cap-view-framed .elementor-drop-cap{color:#69727d;border:3px solid;background-color:transparent}.elementor-widget-text-editor:not(.elementor-drop-cap-view-default) .elementor-drop-cap{margin-top:8px}.elementor-widget-text-editor:not(.elementor-drop-cap-view-default) .elementor-drop-cap-letter{width:1em;height:1em}.elementor-widget-text-editor .elementor-drop-cap{float:left;text-align:center;line-height:1;font-size:50px}.elementor-widget-text-editor .elementor-drop-cap-letter{display:inline-block}<\/style>\t\t\t\t<p>Klima, s\u0131cakl\u0131\u011f\u0131 ve nem oran\u0131n\u0131 kontrol ederek i\u00e7 mekanlarda konforlu bir ortam sa\u011flamak i\u00e7in kullan\u0131lan bir cihazd\u0131r. Klima i\u015flemleri, klima sistemlerinin kurulumu, bak\u0131m\u0131, onar\u0131m\u0131 ve montaj\u0131n\u0131 kapsar.<\/p><p>Klima sistemlerinin kurulumu, do\u011fru boyutta ve do\u011fru yerde bir klima sistemi se\u00e7ilmesini, uygun montaj yap\u0131lmas\u0131n\u0131 ve gerekli ba\u011flant\u0131lar\u0131n yap\u0131ld\u0131\u011f\u0131n\u0131 i\u00e7erir. Klima kurulumu, bir\u00e7ok farkl\u0131 fakt\u00f6r\u00fc dikkate almay\u0131 gerektirir. Bunlar aras\u0131nda binan\u0131n boyutu, i\u00e7 mekan\u0131n d\u00fczeni, g\u00fcne\u015f \u0131\u015f\u0131nlar\u0131, hava sirk\u00fclasyonu, izolasyon ve havaland\u0131rma gibi fakt\u00f6rler yer al\u0131r. Bu nedenle, klima kurulum i\u015flemi, deneyimli ve lisansl\u0131 bir teknisyen taraf\u0131ndan ger\u00e7ekle\u015ftirilmelidir.<\/p><p>Klima bak\u0131m\u0131, klima sistemlerinin d\u00fczenli olarak kontrol edilmesini, temizlenmesini ve gerekli olan t\u00fcm ayarlamalar\u0131n yap\u0131lmas\u0131n\u0131 i\u00e7erir. Klima bak\u0131m\u0131, klima sisteminin verimlili\u011fini artt\u0131r\u0131r, enerji t\u00fcketimini azalt\u0131r, \u00e7al\u0131\u015fma \u00f6mr\u00fcn\u00fc uzat\u0131r ve hava kalitesini iyile\u015ftirir. Bu nedenle, klima bak\u0131m\u0131, klima sistemleri i\u00e7in olduk\u00e7a \u00f6nemlidir.<\/p>\t\t\t\t\t\t<\/div>\n\t\t\t\t<\/div>\n\t\t\t\t\t<\/div>\n\t\t<\/div>\n\t\t\t\t\t\t\t<\/div>\n\t\t<\/section>\n\t\t\t\t\t<\/div>\n\t\t<\/div>\n\t\t\t\t\t\t\t<\/div>\n\t\t<\/section>\n\t\t\t\t<section class=\"elementor-section elementor-top-section elementor-element elementor-element-00467c7 elementor-section-boxed elementor-section-height-default elementor-section-height-default\" data-id=\"00467c7\" data-element_type=\"section\">\n\t\t\t\t\t\t<div class=\"elementor-container elementor-column-gap-default\">\n\t\t\t\t\t<div class=\"elementor-column elementor-col-100 elementor-top-column elementor-element elementor-element-5c2c50d\" data-id=\"5c2c50d\" data-element_type=\"column\">\n\t\t\t<div class=\"elementor-widget-wrap elementor-element-populated\">\n\t\t\t\t\t\t\t\t<div class=\"elementor-element elementor-element-4a67cef elementor-widget elementor-widget-image\" data-id=\"4a67cef\" data-element_type=\"widget\" data-widget_type=\"image.default\">\n\t\t\t\t<div class=\"elementor-widget-container\">\n\t\t\t<style>\/*! elementor - v3.18.0 - 20-12-2023 *\/\n.elementor-widget-image{text-align:center}.elementor-widget-image a{display:inline-block}.elementor-widget-image a img[src$=\".svg\"]{width:48px}.elementor-widget-image img{vertical-align:middle;display:inline-block}<\/style>\t\t\t\t\t\t\t\t\t\t\t\t<img fetchpriority=\"high\" decoding=\"async\" width=\"300\" height=\"200\" src=\"https:\/\/lodosmuhendislik.com\/wp-content\/uploads\/2023\/03\/hvac-technician-working-capacitor-part-condensing-unit-male-worker-repairman-uniform-repairing-adjusting-conditioning-system-diagnosing-looking-technical-issues-300x200.jpg\" class=\"attachment-medium size-medium wp-image-188\" alt=\"\" srcset=\"https:\/\/lodosmuhendislik.com\/wp-content\/uploads\/2023\/03\/hvac-technician-working-capacitor-part-condensing-unit-male-worker-repairman-uniform-repairing-adjusting-conditioning-system-diagnosing-looking-technical-issues-300x200.jpg 300w, https:\/\/lodosmuhendislik.com\/wp-content\/uploads\/2023\/03\/hvac-technician-working-capacitor-part-condensing-unit-male-worker-repairman-uniform-repairing-adjusting-conditioning-system-diagnosing-looking-technical-issues-1024x683.jpg 1024w, https:\/\/lodosmuhendislik.com\/wp-content\/uploads\/2023\/03\/hvac-technician-working-capacitor-part-condensing-unit-male-worker-repairman-uniform-repairing-adjusting-conditioning-system-diagnosing-looking-technical-issues-768x512.jpg 768w, https:\/\/lodosmuhendislik.com\/wp-content\/uploads\/2023\/03\/hvac-technician-working-capacitor-part-condensing-unit-male-worker-repairman-uniform-repairing-adjusting-conditioning-system-diagnosing-looking-technical-issues-1536x1024.jpg 1536w, https:\/\/lodosmuhendislik.com\/wp-content\/uploads\/2023\/03\/hvac-technician-working-capacitor-part-condensing-unit-male-worker-repairman-uniform-repairing-adjusting-conditioning-system-diagnosing-looking-technical-issues-2048x1365.jpg 2048w\" sizes=\"(max-width: 300px) 100vw, 300px\" \/>\t\t\t\t\t\t\t\t\t\t\t\t\t\t\t<\/div>\n\t\t\t\t<\/div>\n\t\t\t\t\t<\/div>\n\t\t<\/div>\n\t\t\t\t\t\t\t<\/div>\n\t\t<\/section>\n\t\t\t\t\t\t\t<\/div>\n\t\t","protected":false},"excerpt":{"rendered":"<p>Klima \u0130\u015flemleri Klima \u0130\u015flemleri Klima, s\u0131cakl\u0131\u011f\u0131 ve nem oran\u0131n\u0131 kontrol ederek i\u00e7 mekanlarda konforlu bir ortam sa\u011flamak i\u00e7in kullan\u0131lan bir cihazd\u0131r. Klima i\u015flemleri, klima sistemlerinin kurulumu, bak\u0131m\u0131, onar\u0131m\u0131 ve montaj\u0131n\u0131 kapsar. Klima sistemlerinin kurulumu, do\u011fru boyutta ve do\u011fru yerde bir klima sistemi se\u00e7ilmesini, uygun montaj yap\u0131lmas\u0131n\u0131 ve gerekli ba\u011flant\u0131lar\u0131n yap\u0131ld\u0131\u011f\u0131n\u0131 i\u00e7erir. Klima kurulumu, bir\u00e7ok farkl\u0131 [&hellip;]<\/p>\n","protected":false},"author":1,"featured_media":0,"parent":0,"menu_order":0,"comment_status":"closed","ping_status":"closed","template":"elementor_header_footer","meta":{"om_disable_all_campaigns":false,"_monsterinsights_skip_tracking":false,"_monsterinsights_sitenote_active":false,"_monsterinsights_sitenote_note":"","_monsterinsights_sitenote_category":0,"footnotes":""},"class_list":["post-314","page","type-page","status-publish","hentry"],"aioseo_notices":[],"_links":{"self":[{"href":"https:\/\/lodosmuhendislik.com\/index.php?rest_route=\/wp\/v2\/pages\/314","targetHints":{"allow":["GET"]}}],"collection":[{"href":"https:\/\/lodosmuhendislik.com\/index.php?rest_route=\/wp\/v2\/pages"}],"about":[{"href":"https:\/\/lodosmuhendislik.com\/index.php?rest_route=\/wp\/v2\/types\/page"}],"author":[{"embeddable":true,"href":"https:\/\/lodosmuhendislik.com\/index.php?rest_route=\/wp\/v2\/users\/1"}],"replies":[{"embeddable":true,"href":"https:\/\/lodosmuhendislik.com\/index.php?rest_route=%2Fwp%2Fv2%2Fcomments&post=314"}],"version-history":[{"count":0,"href":"https:\/\/lodosmuhendislik.com\/index.php?rest_route=\/wp\/v2\/pages\/314\/revisions"}],"wp:attachment":[{"href":"https:\/\/lodosmuhendislik.com\/index.php?rest_route=%2Fwp%2Fv2%2Fmedia&parent=314"}],"curies":[{"name":"wp","href":"https:\/\/api.w.org\/{rel}","templated":true}]}}